{"id":11234,"date":"2023-06-22T11:00:20","date_gmt":"2023-06-22T09:00:20","guid":{"rendered":"https:\/\/balkonaki.com\/faydalar-hizmetler\/"},"modified":"2024-04-05T15:08:05","modified_gmt":"2024-04-05T13:08:05","slug":"faydalar-hizmetler","status":"publish","type":"page","link":"https:\/\/balkonaki.com\/tr\/faydalar-hizmetler\/","title":{"rendered":"Faydalar &amp; Hizmetler"},"content":{"rendered":"\t\t<div data-elementor-type=\"wp-page\" data-elementor-id=\"11234\" class=\"elementor elementor-11234 elementor-2542\" data-elementor-post-type=\"page\">\n\t\t\t\t<div class=\"elementor-element elementor-element-641dfab e-con-full e-flex e-con e-parent\" data-id=\"641dfab\" data-element_type=\"container\" data-e-type=\"container\" data-settings=\"{&quot;background_background&quot;:&quot;classic&quot;}\">\n\t\t\t\t<div class=\"elementor-element elementor-element-6c7c4de elementor-widget elementor-widget-heading\" data-id=\"6c7c4de\" data-element_type=\"widget\" data-e-type=\"widget\" data-widget_type=\"heading.default\">\n\t\t\t\t<div class=\"elementor-widget-container\">\n\t\t\t\t\t<h2 class=\"elementor-heading-title elementor-size-default\">Faydalar &amp; Hizmetler<\/h2>\t\t\t\t<\/div>\n\t\t\t\t<\/div>\n\t\t\t\t<div class=\"elementor-element elementor-element-c5066c2 elementor-widget elementor-widget-text-editor\" data-id=\"c5066c2\" data-element_type=\"widget\" data-e-type=\"widget\" data-widget_type=\"text-editor.default\">\n\t\t\t\t<div class=\"elementor-widget-container\">\n\t\t\t\t\t\t\t\t\t<p>D\u00fcnyam\u0131z\u0131 ke\u015ffedin: Anlar yaratan ve g\u00fcl\u00fcmseyerek servis edilen lezzetler!<\/p>\n\t\t\t\t\t\t\t\t<\/div>\n\t\t\t\t<\/div>\n\t\t\t\t<\/div>\n\t\t<div class=\"elementor-element elementor-element-738f746 e-con-full e-flex e-con e-parent\" data-id=\"738f746\" data-element_type=\"container\" data-e-type=\"container\" data-settings=\"{&quot;background_background&quot;:&quot;classic&quot;}\">\n\t\t\t\t<\/div>\n\t\t<div class=\"elementor-element elementor-element-1aec3fcc e-con-full qodef-elementor-content-grid e-flex e-con e-parent\" data-id=\"1aec3fcc\" data-element_type=\"container\" data-e-type=\"container\" data-settings=\"{&quot;background_background&quot;:&quot;classic&quot;}\">\n\t\t<div class=\"elementor-element elementor-element-4f8a0c3e e-con-full e-flex e-con e-child\" data-id=\"4f8a0c3e\" data-element_type=\"container\" data-e-type=\"container\">\n\t\t<div class=\"elementor-element elementor-element-1ab3c632 e-con-full e-flex e-con e-child\" data-id=\"1ab3c632\" data-element_type=\"container\" data-e-type=\"container\">\n\t\t\t\t<div class=\"elementor-element elementor-element-dac697b elementor-widget elementor-widget-heading\" data-id=\"dac697b\" data-element_type=\"widget\" data-e-type=\"widget\" data-widget_type=\"heading.default\">\n\t\t\t\t<div class=\"elementor-widget-container\">\n\t\t\t\t\t<h2 class=\"elementor-heading-title elementor-size-default\">Vaftiz<\/h2>\t\t\t\t<\/div>\n\t\t\t\t<\/div>\n\t\t\t\t<div class=\"elementor-element elementor-element-76f94ce elementor-widget elementor-widget-text-editor\" data-id=\"76f94ce\" data-element_type=\"widget\" data-e-type=\"widget\" data-widget_type=\"text-editor.default\">\n\t\t\t\t<div class=\"elementor-widget-container\">\n\t\t\t\t\t\t\t\t\t<p>Bizim &#8220;kollar\u0131m\u0131zda&#8221; vaftiz b\u00fcy\u00fcl\u00fc bir deneyime d\u00f6n\u00fc\u015f\u00fcr. Sevgi ve s\u0131cakl\u0131kla dekore edilmi\u015f mekan\u0131m\u0131z, tek \u00e7ocu\u011funuzun vaftizini unutulmaz k\u0131lmak i\u00e7in m\u00fckemmel yemekler ve kusursuz hizmet sunarak sizi bu \u00f6zel an\u0131n keyfini ya\u015famaya davet ediyor.<\/p>\n\t\t\t\t\t\t\t\t<\/div>\n\t\t\t\t<\/div>\n\t\t\t\t<\/div>\n\t\t<div class=\"elementor-element elementor-element-65842775 e-con-full e-flex e-con e-child\" data-id=\"65842775\" data-element_type=\"container\" data-e-type=\"container\">\n\t\t\t\t<div class=\"elementor-element elementor-element-74e8e95 elementor-widget elementor-widget-heading\" data-id=\"74e8e95\" data-element_type=\"widget\" data-e-type=\"widget\" data-widget_type=\"heading.default\">\n\t\t\t\t<div class=\"elementor-widget-container\">\n\t\t\t\t\t<h2 class=\"elementor-heading-title elementor-size-default\">D\u00fc\u011f\u00fcn<\/h2>\t\t\t\t<\/div>\n\t\t\t\t<\/div>\n\t\t\t\t<div class=\"elementor-element elementor-element-eae7d65 elementor-widget elementor-widget-text-editor\" data-id=\"eae7d65\" data-element_type=\"widget\" data-e-type=\"widget\" data-widget_type=\"text-editor.default\">\n\t\t\t\t<div class=\"elementor-widget-container\">\n\t\t\t\t\t\t\t\t\t<p>Siz ve erke\u011finiz i\u00e7in en \u00f6nemli zamanda, her ayr\u0131nt\u0131yla ilgilenmek i\u00e7in buraday\u0131z. B\u00fcy\u00fcleyici konumumuzdan m\u00fckemmel men\u00fc tasar\u0131m\u0131m\u0131za kadar, birlikte kalbinize kaz\u0131nacak unutulmaz bir deneyim yarat\u0131yoruz.<\/p>\n\t\t\t\t\t\t\t\t<\/div>\n\t\t\t\t<\/div>\n\t\t\t\t<\/div>\n\t\t\t\t<\/div>\n\t\t\t\t<\/div>\n\t\t<div class=\"elementor-element elementor-element-1531a0c e-con-full qodef-elementor-content-grid e-flex e-con e-parent\" data-id=\"1531a0c\" data-element_type=\"container\" data-e-type=\"container\">\n\t\t\t\t<div class=\"elementor-element elementor-element-f7b1d95 elementor-widget elementor-widget-mediteraneo_core_image_gallery\" data-id=\"f7b1d95\" data-element_type=\"widget\" data-e-type=\"widget\" data-widget_type=\"mediteraneo_core_image_gallery.default\">\n\t\t\t\t<div class=\"elementor-widget-container\">\n\t\t\t\t\t<div class=\"qodef-shortcode qodef-m  qodef-image-gallery     qodef-grid qodef-swiper-container  qodef-gutter--small  qodef-col-num--2  qodef-responsive--custom qodef-col-num--1512--1 qodef-col-num--1368--1 qodef-col-num--1200--1 qodef-col-num--880--1 qodef-col-num--680--1 qodef-swiper--show-pagination qodef-swiper--show-navigation-combo\"  data-options=\"{&quot;spaceBetween&quot;:20,&quot;slidesPerView&quot;:&quot;2&quot;,&quot;loop&quot;:true,&quot;autoplay&quot;:true,&quot;speed&quot;:&quot;&quot;,&quot;speedAnimation&quot;:&quot;&quot;,&quot;slideAnimation&quot;:&quot;&quot;,&quot;direction&quot;:&quot;&quot;,&quot;centeredSlides&quot;:&quot;&quot;,&quot;sliderScroll&quot;:&quot;&quot;,&quot;loopedSlides&quot;:&quot;&quot;,&quot;hiddenSlides&quot;:&quot;&quot;,&quot;customStages&quot;:true,&quot;slidesPerView1512&quot;:&quot;1&quot;,&quot;slidesPerView1368&quot;:&quot;1&quot;,&quot;slidesPerView1200&quot;:&quot;1&quot;,&quot;slidesPerView880&quot;:&quot;1&quot;,&quot;slidesPerView680&quot;:&quot;1&quot;,&quot;unique&quot;:&quot;&quot;}\">\n\t<div class=\"swiper-wrapper\">\n\t\t<div class=\"qodef-e qodef-image-wrapper   swiper-slide \">\n\t\t\t<img fetchpriority=\"high\" decoding=\"async\" width=\"2560\" height=\"1709\" src=\"https:\/\/balkonaki.com\/wp-content\/uploads\/2024\/01\/business-55-scaled.jpg\" class=\"attachment-full size-full\" alt=\"Business (55)\" srcset=\"https:\/\/balkonaki.com\/wp-content\/uploads\/2024\/01\/business-55-scaled.jpg 2560w, https:\/\/balkonaki.com\/wp-content\/uploads\/2024\/01\/business-55-300x200.jpg 300w, https:\/\/balkonaki.com\/wp-content\/uploads\/2024\/01\/business-55-1024x684.jpg 1024w, https:\/\/balkonaki.com\/wp-content\/uploads\/2024\/01\/business-55-768x513.jpg 768w, https:\/\/balkonaki.com\/wp-content\/uploads\/2024\/01\/business-55-1536x1025.jpg 1536w, https:\/\/balkonaki.com\/wp-content\/uploads\/2024\/01\/business-55-2048x1367.jpg 2048w, https:\/\/balkonaki.com\/wp-content\/uploads\/2024\/01\/business-55-600x401.jpg 600w\" sizes=\"(max-width: 2560px) 100vw, 2560px\" \/>\t\t<\/div>\n<div class=\"qodef-e qodef-image-wrapper   swiper-slide \">\n\t\t\t<img decoding=\"async\" width=\"2560\" height=\"1709\" src=\"https:\/\/balkonaki.com\/wp-content\/uploads\/2024\/01\/business-56-1-scaled.jpg\" class=\"attachment-full size-full\" alt=\"Business (56)\" srcset=\"https:\/\/balkonaki.com\/wp-content\/uploads\/2024\/01\/business-56-1-scaled.jpg 2560w, https:\/\/balkonaki.com\/wp-content\/uploads\/2024\/01\/business-56-1-300x200.jpg 300w, https:\/\/balkonaki.com\/wp-content\/uploads\/2024\/01\/business-56-1-1024x684.jpg 1024w, https:\/\/balkonaki.com\/wp-content\/uploads\/2024\/01\/business-56-1-768x513.jpg 768w, https:\/\/balkonaki.com\/wp-content\/uploads\/2024\/01\/business-56-1-1536x1025.jpg 1536w, https:\/\/balkonaki.com\/wp-content\/uploads\/2024\/01\/business-56-1-2048x1367.jpg 2048w, https:\/\/balkonaki.com\/wp-content\/uploads\/2024\/01\/business-56-1-600x401.jpg 600w\" sizes=\"(max-width: 2560px) 100vw, 2560px\" \/>\t\t<\/div>\n<div class=\"qodef-e qodef-image-wrapper   swiper-slide \">\n\t\t\t<img decoding=\"async\" width=\"2560\" height=\"1709\" src=\"https:\/\/balkonaki.com\/wp-content\/uploads\/2024\/01\/business-57-1-scaled.jpg\" class=\"attachment-full size-full\" alt=\"Business (57)\" srcset=\"https:\/\/balkonaki.com\/wp-content\/uploads\/2024\/01\/business-57-1-scaled.jpg 2560w, https:\/\/balkonaki.com\/wp-content\/uploads\/2024\/01\/business-57-1-300x200.jpg 300w, https:\/\/balkonaki.com\/wp-content\/uploads\/2024\/01\/business-57-1-1024x684.jpg 1024w, https:\/\/balkonaki.com\/wp-content\/uploads\/2024\/01\/business-57-1-768x513.jpg 768w, https:\/\/balkonaki.com\/wp-content\/uploads\/2024\/01\/business-57-1-1536x1025.jpg 1536w, https:\/\/balkonaki.com\/wp-content\/uploads\/2024\/01\/business-57-1-2048x1367.jpg 2048w, https:\/\/balkonaki.com\/wp-content\/uploads\/2024\/01\/business-57-1-600x401.jpg 600w\" sizes=\"(max-width: 2560px) 100vw, 2560px\" \/>\t\t<\/div>\n<div class=\"qodef-e qodef-image-wrapper   swiper-slide \">\n\t\t\t<img loading=\"lazy\" decoding=\"async\" width=\"2560\" height=\"1709\" src=\"https:\/\/balkonaki.com\/wp-content\/uploads\/2024\/01\/business-1-2-scaled.jpg\" class=\"attachment-full size-full\" alt=\"Business (1)\" srcset=\"https:\/\/balkonaki.com\/wp-content\/uploads\/2024\/01\/business-1-2-scaled.jpg 2560w, https:\/\/balkonaki.com\/wp-content\/uploads\/2024\/01\/business-1-2-300x200.jpg 300w, https:\/\/balkonaki.com\/wp-content\/uploads\/2024\/01\/business-1-2-1024x684.jpg 1024w, https:\/\/balkonaki.com\/wp-content\/uploads\/2024\/01\/business-1-2-768x513.jpg 768w, https:\/\/balkonaki.com\/wp-content\/uploads\/2024\/01\/business-1-2-1536x1025.jpg 1536w, https:\/\/balkonaki.com\/wp-content\/uploads\/2024\/01\/business-1-2-2048x1367.jpg 2048w, https:\/\/balkonaki.com\/wp-content\/uploads\/2024\/01\/business-1-2-600x401.jpg 600w\" sizes=\"(max-width: 2560px) 100vw, 2560px\" \/>\t\t<\/div>\n<div class=\"qodef-e qodef-image-wrapper   swiper-slide \">\n\t\t\t<img loading=\"lazy\" decoding=\"async\" width=\"2560\" height=\"1709\" src=\"https:\/\/balkonaki.com\/wp-content\/uploads\/2024\/01\/business-3-scaled.jpg\" class=\"attachment-full size-full\" alt=\"Business (3)\" srcset=\"https:\/\/balkonaki.com\/wp-content\/uploads\/2024\/01\/business-3-scaled.jpg 2560w, https:\/\/balkonaki.com\/wp-content\/uploads\/2024\/01\/business-3-300x200.jpg 300w, https:\/\/balkonaki.com\/wp-content\/uploads\/2024\/01\/business-3-1024x684.jpg 1024w, https:\/\/balkonaki.com\/wp-content\/uploads\/2024\/01\/business-3-768x513.jpg 768w, https:\/\/balkonaki.com\/wp-content\/uploads\/2024\/01\/business-3-1536x1025.jpg 1536w, https:\/\/balkonaki.com\/wp-content\/uploads\/2024\/01\/business-3-2048x1367.jpg 2048w, https:\/\/balkonaki.com\/wp-content\/uploads\/2024\/01\/business-3-600x401.jpg 600w\" sizes=\"(max-width: 2560px) 100vw, 2560px\" \/>\t\t<\/div>\n\t<\/div>\n\t\t\t<div class=\"swiper-pagination\"><\/div>\n\t\t\t<div class=\"qodef-image-gallery-navigation-holder\">\n\t\t\t\t<div class=\"swiper-button-prev \"><svg class=\"qodef-svg--slider-arrow-left\" xmlns=\"http:\/\/www.w3.org\/2000\/svg\" width=\"39.506\" height=\"19\" viewBox=\"0 0 39.506 19\"><g><path d=\"M39.506 9.5H0\"\/><path d=\"M.506 9.5s7.901 2.111 7.901 9.5\"\/><path d=\"M.506 9.5S8.407 7.389 8.407 0\"\/><\/g><\/svg><\/div>\n\t<div class=\"swiper-button-next \"><svg class=\"qodef-svg--slider-arrow-right\" xmlns=\"http:\/\/www.w3.org\/2000\/svg\" width=\"39.506\" height=\"19\" viewBox=\"0 0 39.506 19\"><g><path d=\"M0 9.5h39.506\"\/><path d=\"M39 9.5s-7.901 2.111-7.901 9.5\"\/><path d=\"M39 9.5S31.099 7.389 31.099 0\"\/><\/g><\/svg><\/div>\n\t\t<\/div>\n\t<\/div>\n\t\t\t\t<\/div>\n\t\t\t\t<\/div>\n\t\t\t\t<\/div>\n\t\t<div class=\"elementor-element elementor-element-403f6f3 e-con-full qodef-elementor-content-grid e-flex e-con e-parent\" data-id=\"403f6f3\" data-element_type=\"container\" data-e-type=\"container\">\n\t\t\t\t<div class=\"elementor-element elementor-element-b63b422 elementor-widget elementor-widget-heading\" data-id=\"b63b422\" data-element_type=\"widget\" data-e-type=\"widget\" data-widget_type=\"heading.default\">\n\t\t\t\t<div class=\"elementor-widget-container\">\n\t\t\t\t\t<h2 class=\"elementor-heading-title elementor-size-default\">A\u00e7\u0131l\u0131\u015f<\/h2>\t\t\t\t<\/div>\n\t\t\t\t<\/div>\n\t\t\t\t<div class=\"elementor-element elementor-element-dcc0099 elementor-widget elementor-widget-text-editor\" data-id=\"dcc0099\" data-element_type=\"widget\" data-e-type=\"widget\" data-widget_type=\"text-editor.default\">\n\t\t\t\t<div class=\"elementor-widget-container\">\n\t\t\t\t\t\t\t\t\t<p>\u00d6\u011frencilikten profesyonel hayata ge\u00e7i\u015f, bak\u0131ml\u0131 ve &#8220;s\u0131cak&#8221; mekan\u0131m\u0131zda unutulmaz olacakt\u0131r. Burada bu harika an\u0131 sevdiklerinizle payla\u015fmak i\u00e7in m\u00fckemmel bir ortam yarat\u0131yoruz.<\/p>\n\t\t\t\t\t\t\t\t<\/div>\n\t\t\t\t<\/div>\n\t\t\t\t<div class=\"elementor-element elementor-element-e7beabd e-transform elementor-widget elementor-widget-heading\" data-id=\"e7beabd\" data-element_type=\"widget\" data-e-type=\"widget\" data-settings=\"{&quot;_transform_rotateZ_effect&quot;:{&quot;unit&quot;:&quot;px&quot;,&quot;size&quot;:-4,&quot;sizes&quot;:[]},&quot;_transform_rotateZ_effect_tablet&quot;:{&quot;unit&quot;:&quot;deg&quot;,&quot;size&quot;:&quot;&quot;,&quot;sizes&quot;:[]},&quot;_transform_rotateZ_effect_mobile&quot;:{&quot;unit&quot;:&quot;deg&quot;,&quot;size&quot;:&quot;&quot;,&quot;sizes&quot;:[]}}\" data-widget_type=\"heading.default\">\n\t\t\t\t<div class=\"elementor-widget-container\">\n\t\t\t\t\t<span class=\"elementor-heading-title elementor-size-default\">Olu\u015fturma<br>\nanlar<\/span>\t\t\t\t<\/div>\n\t\t\t\t<\/div>\n\t\t\t\t<div class=\"elementor-element elementor-element-c4f3ed2 elementor-widget elementor-widget-image\" data-id=\"c4f3ed2\" data-element_type=\"widget\" data-e-type=\"widget\" data-widget_type=\"image.default\">\n\t\t\t\t<div class=\"elementor-widget-container\">\n\t\t\t\t\t\t\t\t\t\t\t\t\t\t\t<img loading=\"lazy\" decoding=\"async\" width=\"196\" height=\"293\" src=\"https:\/\/balkonaki.com\/wp-content\/uploads\/2024\/01\/mpalkonaki-5.jpg\" class=\"attachment-large size-large wp-image-11241\" alt=\"Balkon\" \/>\t\t\t\t\t\t\t\t\t\t\t\t\t\t\t<\/div>\n\t\t\t\t<\/div>\n\t\t\t\t<\/div>\n\t\t<div class=\"elementor-element elementor-element-91745f9 e-con-full qodef-elementor-content-grid e-flex e-con e-parent\" data-id=\"91745f9\" data-element_type=\"container\" data-e-type=\"container\" data-settings=\"{&quot;background_background&quot;:&quot;classic&quot;}\">\n\t\t<div class=\"elementor-element elementor-element-9b804e9 e-con-full e-flex e-con e-child\" data-id=\"9b804e9\" data-element_type=\"container\" data-e-type=\"container\">\n\t\t<div class=\"elementor-element elementor-element-91d92d3 e-con-full e-flex e-con e-child\" data-id=\"91d92d3\" data-element_type=\"container\" data-e-type=\"container\">\n\t\t\t\t<div class=\"elementor-element elementor-element-dd97ae2 elementor-widget elementor-widget-heading\" data-id=\"dd97ae2\" data-element_type=\"widget\" data-e-type=\"widget\" data-widget_type=\"heading.default\">\n\t\t\t\t<div class=\"elementor-widget-container\">\n\t\t\t\t\t<h2 class=\"elementor-heading-title elementor-size-default\">Do\u011fum G\u00fcn\u00fc ve Kutlama<\/h2>\t\t\t\t<\/div>\n\t\t\t\t<\/div>\n\t\t\t\t<div class=\"elementor-element elementor-element-ee9c5ae elementor-widget elementor-widget-text-editor\" data-id=\"ee9c5ae\" data-element_type=\"widget\" data-e-type=\"widget\" data-widget_type=\"text-editor.default\">\n\t\t\t\t<div class=\"elementor-widget-container\">\n\t\t\t\t\t\t\t\t\t<p>\u0130sim g\u00fcn\u00fcm\u00fcz veya do\u011fum g\u00fcn\u00fcm\u00fcz ne\u015fe dolu bir yerde ger\u00e7ekle\u015fti\u011finde en iyisidir! Bayram g\u00fcn\u00fcn\u00fcz\u00fc unutulmaz k\u0131lacak bir atmosfer yaratarak anlar\u0131n\u0131z\u0131 g\u00fcl\u00fcmsemeler ve lezzetli yemeklerle s\u00fcsleyelim.<\/p>\n\t\t\t\t\t\t\t\t<\/div>\n\t\t\t\t<\/div>\n\t\t\t\t<\/div>\n\t\t<div class=\"elementor-element elementor-element-703d830 e-con-full e-flex e-con e-child\" data-id=\"703d830\" data-element_type=\"container\" data-e-type=\"container\">\n\t\t\t\t<div class=\"elementor-element elementor-element-88a7dd3 elementor-widget elementor-widget-heading\" data-id=\"88a7dd3\" data-element_type=\"widget\" data-e-type=\"widget\" data-widget_type=\"heading.default\">\n\t\t\t\t<div class=\"elementor-widget-container\">\n\t\t\t\t\t<h2 class=\"elementor-heading-title elementor-size-default\">Travelers Group<\/h2>\t\t\t\t<\/div>\n\t\t\t\t<\/div>\n\t\t\t\t<div class=\"elementor-element elementor-element-2e970e6 elementor-widget elementor-widget-text-editor\" data-id=\"2e970e6\" data-element_type=\"widget\" data-e-type=\"widget\" data-widget_type=\"text-editor.default\">\n\t\t\t\t<div class=\"elementor-widget-container\">\n\t\t\t\t\t\t\t\t\t<p>Birlikte seyahat edenler i\u00e7in, lezzetleri birle\u015ftiren ve an\u0131lar yaratan ki\u015fiselle\u015ftirilmi\u015f men\u00fcler sunuyoruz. Sizi bu mutfak maceras\u0131n\u0131 bizimle birlikte ya\u015famaya davet ediyoruz.<\/p>\n\t\t\t\t\t\t\t\t<\/div>\n\t\t\t\t<\/div>\n\t\t\t\t<\/div>\n\t\t\t\t<\/div>\n\t\t\t\t<\/div>\n\t\t<div class=\"elementor-element elementor-element-dea8fd2 e-flex e-con-boxed e-con e-parent\" data-id=\"dea8fd2\" data-element_type=\"container\" data-e-type=\"container\">\n\t\t\t\t\t<div class=\"e-con-inner\">\n\t\t\t\t\t<\/div>\n\t\t\t\t<\/div>\n\t\t<div class=\"elementor-element elementor-element-31f21d9 e-con-full qodef-elementor-content-grid e-flex e-con e-parent\" data-id=\"31f21d9\" data-element_type=\"container\" data-e-type=\"container\" data-settings=\"{&quot;background_background&quot;:&quot;classic&quot;}\">\n\t\t<div class=\"elementor-element elementor-element-5bc8894 e-con-full e-flex e-con e-child\" data-id=\"5bc8894\" data-element_type=\"container\" data-e-type=\"container\">\n\t\t<div class=\"elementor-element elementor-element-396f7a3 e-con-full e-flex e-con e-child\" data-id=\"396f7a3\" data-element_type=\"container\" data-e-type=\"container\">\n\t\t\t\t<div class=\"elementor-element elementor-element-83bc5fc elementor-widget elementor-widget-heading\" data-id=\"83bc5fc\" data-element_type=\"widget\" data-e-type=\"widget\" data-widget_type=\"heading.default\">\n\t\t\t\t<div class=\"elementor-widget-container\">\n\t\t\t\t\t<h2 class=\"elementor-heading-title elementor-size-default\">Turizm Birimi ile \u0130\u015fbirli\u011fi<\/h2>\t\t\t\t<\/div>\n\t\t\t\t<\/div>\n\t\t\t\t<div class=\"elementor-element elementor-element-bbe6ca0 elementor-widget elementor-widget-text-editor\" data-id=\"bbe6ca0\" data-element_type=\"widget\" data-e-type=\"widget\" data-widget_type=\"text-editor.default\">\n\t\t\t\t<div class=\"elementor-widget-container\">\n\t\t\t\t\t\t\t\t\t<p>Konuklar\u0131n\u0131z\u0131 a\u011f\u0131rlamak i\u00e7in ideal orta\u011f\u0131n\u0131z biziz. \u00c7e\u015fitli ola\u011fan\u00fcst\u00fc hizmetler ve lezzetlerle, her bir misafirimiz i\u00e7in unutulmaz bir deneyim sa\u011fl\u0131yoruz.<\/p>\n\t\t\t\t\t\t\t\t<\/div>\n\t\t\t\t<\/div>\n\t\t\t\t<\/div>\n\t\t<div class=\"elementor-element elementor-element-abaacf2 e-con-full e-flex e-con e-child\" data-id=\"abaacf2\" data-element_type=\"container\" data-e-type=\"container\">\n\t\t\t\t<div class=\"elementor-element elementor-element-7546aac elementor-widget elementor-widget-heading\" data-id=\"7546aac\" data-element_type=\"widget\" data-e-type=\"widget\" data-widget_type=\"heading.default\">\n\t\t\t\t<div class=\"elementor-widget-container\">\n\t\t\t\t\t<h2 class=\"elementor-heading-title elementor-size-default\">bekarl\u0131\u011fa veda partisi<\/h2>\t\t\t\t<\/div>\n\t\t\t\t<\/div>\n\t\t\t\t<div class=\"elementor-element elementor-element-66811f7 elementor-widget elementor-widget-text-editor\" data-id=\"66811f7\" data-element_type=\"widget\" data-e-type=\"widget\" data-widget_type=\"text-editor.default\">\n\t\t\t\t<div class=\"elementor-widget-container\">\n\t\t\t\t\t\t\t\t\t<p>Hayal etti\u011finiz gibi bir bekarl\u0131\u011fa veda gecesine ev sahipli\u011fi yapmak i\u00e7in buraday\u0131z. B\u00fcy\u00fck ad\u0131mdan \u00f6nce e\u011flence, lezzet ve heyecan dolu bir gezinin tad\u0131n\u0131 \u00e7\u0131kar\u0131n!<\/p>\n\t\t\t\t\t\t\t\t<\/div>\n\t\t\t\t<\/div>\n\t\t\t\t<\/div>\n\t\t\t\t<\/div>\n\t\t\t\t<\/div>\n\t\t<div class=\"elementor-element elementor-element-6397384 e-con-full qodef-elementor-content-grid e-flex e-con e-parent\" data-id=\"6397384\" data-element_type=\"container\" data-e-type=\"container\" data-settings=\"{&quot;background_background&quot;:&quot;classic&quot;}\">\n\t\t<div class=\"elementor-element elementor-element-37d1818 e-con-full e-flex e-con e-child\" data-id=\"37d1818\" data-element_type=\"container\" data-e-type=\"container\">\n\t\t<div class=\"elementor-element elementor-element-b55022d e-con-full e-flex e-con e-child\" data-id=\"b55022d\" data-element_type=\"container\" data-e-type=\"container\">\n\t\t\t\t<div class=\"elementor-element elementor-element-65f0e4b elementor-widget elementor-widget-heading\" data-id=\"65f0e4b\" data-element_type=\"widget\" data-e-type=\"widget\" data-widget_type=\"heading.default\">\n\t\t\t\t<div class=\"elementor-widget-container\">\n\t\t\t\t\t<span class=\"elementor-heading-title elementor-size-default\">Hadi konu\u015fal\u0131m<\/span>\t\t\t\t<\/div>\n\t\t\t\t<\/div>\n\t\t\t\t<div class=\"elementor-element elementor-element-cb862b7 elementor-widget elementor-widget-wp-widget-mediteraneo_core_contact_form_7\" data-id=\"cb862b7\" data-element_type=\"widget\" data-e-type=\"widget\" data-widget_type=\"wp-widget-mediteraneo_core_contact_form_7.default\">\n\t\t\t\t<div class=\"elementor-widget-container\">\n\t\t\t\t\t\t\t\t<div class=\"qodef-contact-form-7\">\n\t\t\t\t\n<div class=\"wpcf7 no-js\" id=\"wpcf7-f11230-o1\" lang=\"tr-TR\" dir=\"ltr\" data-wpcf7-id=\"11230\">\n<div class=\"screen-reader-response\"><p role=\"status\" aria-live=\"polite\" aria-atomic=\"true\"><\/p> <ul><\/ul><\/div>\n<form action=\"\/tr\/wp-json\/wp\/v2\/pages\/11234#wpcf7-f11230-o1\" method=\"post\" class=\"wpcf7-form init\" aria-label=\"\u0130leti\u015fim Formu\" novalidate=\"novalidate\" data-status=\"init\">\n<fieldset class=\"hidden-fields-container\"><input type=\"hidden\" name=\"_wpcf7\" value=\"11230\" \/><input type=\"hidden\" name=\"_wpcf7_version\" value=\"6.1.5\" \/><input type=\"hidden\" name=\"_wpcf7_locale\" value=\"tr_TR\" \/><input type=\"hidden\" name=\"_wpcf7_unit_tag\" value=\"wpcf7-f11230-o1\" \/><input type=\"hidden\" name=\"_wpcf7_container_post\" value=\"0\" \/><input type=\"hidden\" name=\"_wpcf7_posted_data_hash\" value=\"\" \/>\n<\/fieldset>\n<div class=\"qodef-main-contact-form\">\n\n<div class=\"qodef-contact-form-data\">\n\n <div class=\"qodef-contact-form-name\">\n\n  <span class=\"wpcf7-form-control-wrap\" data-name=\"first-name\"><input size=\"40\" maxlength=\"400\" class=\"wpcf7-form-control wpcf7-text wpcf7-validates-as-required\" aria-required=\"true\" aria-invalid=\"false\" placeholder=\"\u0130sim\" value=\"\" type=\"text\" name=\"first-name\" \/><\/span>\n\n <\/div>\n\n <div class=\"qodef-contact-email\">\n\n  <span class=\"wpcf7-form-control-wrap\" data-name=\"your-email\"><input size=\"40\" maxlength=\"400\" class=\"wpcf7-form-control wpcf7-email wpcf7-validates-as-required wpcf7-text wpcf7-validates-as-email\" aria-required=\"true\" aria-invalid=\"false\" placeholder=\"E-posta\" value=\"\" type=\"email\" name=\"your-email\" \/><\/span>\n\n<\/div>\n\n<\/div>\n\n<span class=\"wpcf7-form-control-wrap\" data-name=\"your-message\"><textarea cols=\"40\" rows=\"4\" maxlength=\"2000\" class=\"wpcf7-form-control wpcf7-textarea\" aria-invalid=\"false\" placeholder=\"Mesaj\" name=\"your-message\"><\/textarea><\/span>\n\n<div class=\"qodef-submit\">\n\n   <button class=\"wpcf7-form-control wpcf7-submit qodef-button qodef-size--normal qodef-layout--filled qodef-m\" type=\"submit\"><span class=\"qodef-m-text\">Mesaj g\u00f6nder<\/span><\/button>\n\n<\/div>\n\n<\/div><div class=\"wpcf7-response-output\" aria-hidden=\"true\"><\/div>\n<\/form>\n<\/div>\n\t\t\t<\/div>\n\t\t\t\t\t\t\t<\/div>\n\t\t\t\t<\/div>\n\t\t\t\t<\/div>\n\t\t\t\t<\/div>\n\t\t\t\t<\/div>\n\t\t\t\t<\/div>\n\t\t","protected":false},"excerpt":{"rendered":"<p>Faydalar &amp; Hizmetler D\u00fcnyam\u0131z\u0131 ke\u015ffedin: Anlar yaratan ve g\u00fcl\u00fcmseyerek servis edilen lezzetler! Vaftiz Bizim &#8220;kollar\u0131m\u0131zda&#8221; vaftiz b\u00fcy\u00fcl\u00fc bir deneyime d\u00f6n\u00fc\u015f\u00fcr. Sevgi ve s\u0131cakl\u0131kla dekore edilmi\u015f mekan\u0131m\u0131z, tek \u00e7ocu\u011funuzun vaftizini unutulmaz k\u0131lmak i\u00e7in m\u00fckemmel yemekler ve kusursuz hizmet sunarak sizi bu \u00f6zel an\u0131n keyfini ya\u015famaya davet ediyor. D\u00fc\u011f\u00fcn Siz ve erke\u011finiz i\u00e7in en \u00f6nemli zamanda, her [&hellip;]<\/p>\n","protected":false},"author":1,"featured_media":0,"parent":0,"menu_order":0,"comment_status":"closed","ping_status":"closed","template":"page-full-width.php","meta":{"_acf_changed":false,"footnotes":""},"class_list":["post-11234","page","type-page","status-publish","hentry"],"acf":[],"_links":{"self":[{"href":"https:\/\/balkonaki.com\/tr\/wp-json\/wp\/v2\/pages\/11234","targetHints":{"allow":["GET"]}}],"collection":[{"href":"https:\/\/balkonaki.com\/tr\/wp-json\/wp\/v2\/pages"}],"about":[{"href":"https:\/\/balkonaki.com\/tr\/wp-json\/wp\/v2\/types\/page"}],"author":[{"embeddable":true,"href":"https:\/\/balkonaki.com\/tr\/wp-json\/wp\/v2\/users\/1"}],"replies":[{"embeddable":true,"href":"https:\/\/balkonaki.com\/tr\/wp-json\/wp\/v2\/comments?post=11234"}],"version-history":[{"count":5,"href":"https:\/\/balkonaki.com\/tr\/wp-json\/wp\/v2\/pages\/11234\/revisions"}],"predecessor-version":[{"id":13831,"href":"https:\/\/balkonaki.com\/tr\/wp-json\/wp\/v2\/pages\/11234\/revisions\/13831"}],"wp:attachment":[{"href":"https:\/\/balkonaki.com\/tr\/wp-json\/wp\/v2\/media?parent=11234"}],"curies":[{"name":"wp","href":"https:\/\/api.w.org\/{rel}","templated":true}]}}