{"id":11243,"date":"2023-06-22T07:30:38","date_gmt":"2023-06-22T05:30:38","guid":{"rendered":"https:\/\/balkonaki.com\/iletisim\/"},"modified":"2024-04-05T14:39:41","modified_gmt":"2024-04-05T12:39:41","slug":"iletisim","status":"publish","type":"page","link":"https:\/\/balkonaki.com\/tr\/iletisim\/","title":{"rendered":"\u0130leti\u015fim"},"content":{"rendered":"\t\t<div data-elementor-type=\"wp-page\" data-elementor-id=\"11243\" class=\"elementor elementor-11243 elementor-2394\" data-elementor-post-type=\"page\">\n\t\t\t\t<div class=\"elementor-element elementor-element-12aaed6 e-con-full e-flex e-con e-parent\" data-id=\"12aaed6\" data-element_type=\"container\" data-e-type=\"container\">\n\t\t\t\t<div class=\"elementor-element elementor-element-2b162a0 elementor-widget elementor-widget-heading\" data-id=\"2b162a0\" data-element_type=\"widget\" data-e-type=\"widget\" data-widget_type=\"heading.default\">\n\t\t\t\t<div class=\"elementor-widget-container\">\n\t\t\t\t\t<h2 class=\"elementor-heading-title elementor-size-default\">Bize ula\u015f\u0131n<\/h2>\t\t\t\t<\/div>\n\t\t\t\t<\/div>\n\t\t\t\t<\/div>\n\t\t<div class=\"elementor-element elementor-element-dba7039 qodef-elementor-content-grid e-con-full e-flex e-con e-parent\" data-id=\"dba7039\" data-element_type=\"container\" data-e-type=\"container\">\n\t\t<div class=\"elementor-element elementor-element-06ff34e e-con-full e-flex e-con e-child\" data-id=\"06ff34e\" data-element_type=\"container\" data-e-type=\"container\">\n\t\t\t\t<div class=\"elementor-element elementor-element-99d4718 elementor-widget elementor-widget-mediteraneo_core_single_image\" data-id=\"99d4718\" data-element_type=\"widget\" data-e-type=\"widget\" data-widget_type=\"mediteraneo_core_single_image.default\">\n\t\t\t\t<div class=\"elementor-widget-container\">\n\t\t\t\t\t<div class=\"qodef-shortcode qodef-m  qodef-single-image   qodef-layout--default   qodef-alignment--left\">\n\t\t\t<div class=\"qodef-m-image\">\n\t\t\t\t\t\t\t\t<img decoding=\"async\" width=\"157\" height=\"258\" src=\"https:\/\/balkonaki.com\/wp-content\/uploads\/2024\/01\/mpalkonaki-2.jpg\" class=\"attachment-full size-full\" alt=\"\u039c\u03c0\u03b1\u03bb\u03ba\u03bf\u03bd\u03ac\u03ba\u03b9\" \/>\t\t\t\t\t\t\t<\/div>\n\t<\/div>\n\t\t\t\t<\/div>\n\t\t\t\t<\/div>\n\t\t\t\t<div class=\"elementor-element elementor-element-307ee10 elementor-widget elementor-widget-heading\" data-id=\"307ee10\" data-element_type=\"widget\" data-e-type=\"widget\" data-widget_type=\"heading.default\">\n\t\t\t\t<div class=\"elementor-widget-container\">\n\t\t\t\t\t<h2 class=\"elementor-heading-title elementor-size-default\">Konum<\/h2>\t\t\t\t<\/div>\n\t\t\t\t<\/div>\n\t\t\t\t<div class=\"elementor-element elementor-element-080bf2d qodef-custom-link-underline elementor-widget-mobile__width-inherit elementor-widget elementor-widget-text-editor\" data-id=\"080bf2d\" data-element_type=\"widget\" data-e-type=\"widget\" data-widget_type=\"text-editor.default\">\n\t\t\t\t<div class=\"elementor-widget-container\">\n\t\t\t\t\t\t\t\t\t<p><span style=\"color: #fefdf4;\"><a style=\"color: #fefdf4;\" href=\"mailto:info@balkonaki.com\" target=\"_blank\" rel=\"noopener\">info@balkonaki.com<\/a><\/span><\/p>\n<p><span style=\"color: #fefdf4;\"><a style=\"color: #fefdf4;\" href=\"tel:+302310263730\" target=\"_blank\" rel=\"noopener\">+30 231 026 3730<\/a><\/span><\/p>\n<p><span style=\"color: #fefdf4;\"><a style=\"color: #fefdf4;\" href=\"https:\/\/maps.app.goo.gl\/6WGxQPxaq5y3xhEY7\" target=\"_blank\" rel=\"noopener\">Zafer Caddesi 57<\/a><\/span><\/p>\n<p><a href=\"https:\/\/maps.app.goo.gl\/6WGxQPxaq5y3xhEY7\" target=\"_blank\" rel=\"noopener\"><span style=\"color: #fefdf4;\">Selanik 54622<\/span><\/a><\/p>\n\t\t\t\t\t\t\t\t<\/div>\n\t\t\t\t<\/div>\n\t\t\t\t<\/div>\n\t\t<div class=\"elementor-element elementor-element-d80656b e-con-full e-flex e-con e-child\" data-id=\"d80656b\" data-element_type=\"container\" data-e-type=\"container\">\n\t\t\t\t<div class=\"elementor-element elementor-element-e57e795 elementor-widget elementor-widget-mediteraneo_core_single_image\" data-id=\"e57e795\" data-element_type=\"widget\" data-e-type=\"widget\" data-widget_type=\"mediteraneo_core_single_image.default\">\n\t\t\t\t<div class=\"elementor-widget-container\">\n\t\t\t\t\t<div class=\"qodef-shortcode qodef-m  qodef-single-image   qodef-layout--default   qodef-alignment--left\">\n\t\t\t<div class=\"qodef-m-image\">\n\t\t\t\t\t\t\t\t<img decoding=\"async\" width=\"157\" height=\"258\" src=\"https:\/\/balkonaki.com\/wp-content\/uploads\/2024\/01\/mpalkonaki-3.jpg\" class=\"attachment-full size-full\" alt=\"\u039c\u03c0\u03b1\u03bb\u03ba\u03bf\u03bd\u03ac\u03ba\u03b9\" \/>\t\t\t\t\t\t\t<\/div>\n\t<\/div>\n\t\t\t\t<\/div>\n\t\t\t\t<\/div>\n\t\t\t\t<div class=\"elementor-element elementor-element-be95516 elementor-widget elementor-widget-heading\" data-id=\"be95516\" data-element_type=\"widget\" data-e-type=\"widget\" data-widget_type=\"heading.default\">\n\t\t\t\t<div class=\"elementor-widget-container\">\n\t\t\t\t\t<h2 class=\"elementor-heading-title elementor-size-default\">\u00c7al\u0131\u015fma saatleri<\/h2>\t\t\t\t<\/div>\n\t\t\t\t<\/div>\n\t\t\t\t<div class=\"elementor-element elementor-element-94658be elementor-widget elementor-widget-text-editor\" data-id=\"94658be\" data-element_type=\"widget\" data-e-type=\"widget\" data-widget_type=\"text-editor.default\">\n\t\t\t\t<div class=\"elementor-widget-container\">\n\t\t\t\t\t\t\t\t\t<p>Pazartesi &#8211; Pazar: 11.00 &#8211; 00.00<\/p>\n\t\t\t\t\t\t\t\t<\/div>\n\t\t\t\t<\/div>\n\t\t\t\t<\/div>\n\t\t\t\t<\/div>\n\t\t<div class=\"elementor-element elementor-element-a8bb7b1 e-con-full qodef-elementor-content-grid e-flex e-con e-parent\" data-id=\"a8bb7b1\" data-element_type=\"container\" data-e-type=\"container\">\n\t\t<div class=\"elementor-element elementor-element-5819f8b e-con-full e-flex e-con e-child\" data-id=\"5819f8b\" data-element_type=\"container\" data-e-type=\"container\">\n\t\t<div class=\"elementor-element elementor-element-aafcc7f e-con-full e-flex e-con e-child\" data-id=\"aafcc7f\" data-element_type=\"container\" data-e-type=\"container\">\n\t\t\t\t<div class=\"elementor-element elementor-element-a4b26cb elementor-widget elementor-widget-heading\" data-id=\"a4b26cb\" data-element_type=\"widget\" data-e-type=\"widget\" data-widget_type=\"heading.default\">\n\t\t\t\t<div class=\"elementor-widget-container\">\n\t\t\t\t\t<h2 class=\"elementor-heading-title elementor-size-default\"><b>Rezervasyon<\/b><br>  masa<\/h2>\t\t\t\t<\/div>\n\t\t\t\t<\/div>\n\t\t\t\t<div class=\"elementor-element elementor-element-4615140 elementor-button-align-stretch elementor-widget elementor-widget-form\" data-id=\"4615140\" data-element_type=\"widget\" data-e-type=\"widget\" data-settings=\"{&quot;step_next_label&quot;:&quot;\\u00d6nce&quot;,&quot;step_previous_label&quot;:&quot;A\\u015fa\\u011f\\u0131daki&quot;,&quot;button_width&quot;:&quot;100&quot;,&quot;step_type&quot;:&quot;number_text&quot;,&quot;step_icon_shape&quot;:&quot;circle&quot;}\" data-widget_type=\"form.default\">\n\t\t\t\t<div class=\"elementor-widget-container\">\n\t\t\t\t\t\t\t<form class=\"elementor-form\" method=\"post\" name=\"Yeni Form\" aria-label=\"Yeni Form\">\n\t\t\t<input type=\"hidden\" name=\"post_id\" value=\"11243\"\/>\n\t\t\t<input type=\"hidden\" name=\"form_id\" value=\"4615140\"\/>\n\t\t\t<input type=\"hidden\" name=\"referer_title\" value=\"\" \/>\n\n\t\t\t\n\t\t\t<div class=\"elementor-form-fields-wrapper elementor-labels-above\">\n\t\t\t\t\t\t\t\t<div class=\"elementor-field-type-text elementor-field-group elementor-column elementor-field-group-name elementor-col-100 elementor-field-required\">\n\t\t\t\t\t\t\t\t\t\t\t\t\t<input size=\"1\" type=\"text\" name=\"form_fields[name]\" id=\"form-field-name\" class=\"elementor-field elementor-size-sm  elementor-field-textual\" placeholder=\"Tam ad\u0131n\u0131z\" required=\"required\">\n\t\t\t\t\t\t\t\t\t\t\t<\/div>\n\t\t\t\t\t\t\t\t<div class=\"elementor-field-type-tel elementor-field-group elementor-column elementor-field-group-field_c91b616 elementor-col-100 elementor-field-required\">\n\t\t\t\t\t\t\t<input size=\"1\" type=\"tel\" name=\"form_fields[field_c91b616]\" id=\"form-field-field_c91b616\" class=\"elementor-field elementor-size-sm  elementor-field-textual\" placeholder=\"Telefon\" required=\"required\" pattern=\"[0-9()#&amp;+*-=.]+\" title=\"Only numbers and phone characters (#, -, *, etc) are accepted.\">\n\n\t\t\t\t\t\t<\/div>\n\t\t\t\t\t\t\t\t<div class=\"elementor-field-type-email elementor-field-group elementor-column elementor-field-group-email elementor-col-100 elementor-field-required\">\n\t\t\t\t\t\t\t\t\t\t\t\t\t<input size=\"1\" type=\"email\" name=\"form_fields[email]\" id=\"form-field-email\" class=\"elementor-field elementor-size-sm  elementor-field-textual\" placeholder=\"E-posta\" required=\"required\">\n\t\t\t\t\t\t\t\t\t\t\t<\/div>\n\t\t\t\t\t\t\t\t<div class=\"elementor-field-type-select elementor-field-group elementor-column elementor-field-group-field_efb5c7d elementor-col-100 elementor-field-required\">\n\t\t\t\t\t\t\t<div class=\"elementor-field elementor-select-wrapper remove-before \">\n\t\t\t<div class=\"select-caret-down-wrapper\">\n\t\t\t\t<svg aria-hidden=\"true\" class=\"e-font-icon-svg e-eicon-caret-down\" viewBox=\"0 0 571.4 571.4\" xmlns=\"http:\/\/www.w3.org\/2000\/svg\"><path d=\"M571 393Q571 407 561 418L311 668Q300 679 286 679T261 668L11 418Q0 407 0 393T11 368 36 357H536Q550 357 561 368T571 393Z\"><\/path><\/svg>\t\t\t<\/div>\n\t\t\t<select name=\"form_fields[field_efb5c7d]\" id=\"form-field-field_efb5c7d\" class=\"elementor-field-textual elementor-size-sm\" required=\"required\">\n\t\t\t\t\t\t\t\t\t<option value=\"\u0130nsanlar\">\u0130nsanlar<\/option>\n\t\t\t\t\t\t\t\t\t<option value=\"1 ki\u015fi\">1 ki\u015fi<\/option>\n\t\t\t\t\t\t\t\t\t<option value=\"2 ki\u015fi\">2 ki\u015fi<\/option>\n\t\t\t\t\t\t\t\t\t<option value=\"3 ki\u015fi\">3 ki\u015fi<\/option>\n\t\t\t\t\t\t\t\t\t<option value=\"4 ki\u015fi\">4 ki\u015fi<\/option>\n\t\t\t\t\t\t\t\t\t<option value=\"5 ki\u015fi\">5 ki\u015fi<\/option>\n\t\t\t\t\t\t\t\t\t<option value=\"6 ki\u015fi\">6 ki\u015fi<\/option>\n\t\t\t\t\t\t\t\t\t<option value=\"7 ki\u015fi\">7 ki\u015fi<\/option>\n\t\t\t\t\t\t\t\t\t<option value=\"8 ki\u015fi\">8 ki\u015fi<\/option>\n\t\t\t\t\t\t\t\t\t<option value=\"9 ki\u015fi\">9 ki\u015fi<\/option>\n\t\t\t\t\t\t\t\t\t<option value=\"10 ki\u015fi\">10 ki\u015fi<\/option>\n\t\t\t\t\t\t\t\t\t<option value=\"11+ ki\u015fi\">11+ ki\u015fi<\/option>\n\t\t\t\t\t\t\t<\/select>\n\t\t<\/div>\n\t\t\t\t\t\t<\/div>\n\t\t\t\t\t\t\t\t<div class=\"elementor-field-type-date elementor-field-group elementor-column elementor-field-group-field_275dc34 elementor-col-100 elementor-field-required\">\n\t\t\t\t\t\n\t\t<input type=\"date\" name=\"form_fields[field_275dc34]\" id=\"form-field-field_275dc34\" class=\"elementor-field elementor-size-sm  elementor-field-textual elementor-date-field\" placeholder=\"Tarih\" required=\"required\" pattern=\"[0-9]{4}-[0-9]{2}-[0-9]{2}\">\n\t\t\t\t\t\t<\/div>\n\t\t\t\t\t\t\t\t<div class=\"elementor-field-type-select elementor-field-group elementor-column elementor-field-group-field_47b0310 elementor-col-100 elementor-field-required\">\n\t\t\t\t\t\t\t<div class=\"elementor-field elementor-select-wrapper remove-before \">\n\t\t\t<div class=\"select-caret-down-wrapper\">\n\t\t\t\t<svg aria-hidden=\"true\" class=\"e-font-icon-svg e-eicon-caret-down\" viewBox=\"0 0 571.4 571.4\" xmlns=\"http:\/\/www.w3.org\/2000\/svg\"><path d=\"M571 393Q571 407 561 418L311 668Q300 679 286 679T261 668L11 418Q0 407 0 393T11 368 36 357H536Q550 357 561 368T571 393Z\"><\/path><\/svg>\t\t\t<\/div>\n\t\t\t<select name=\"form_fields[field_47b0310]\" id=\"form-field-field_47b0310\" class=\"elementor-field-textual elementor-size-sm\" required=\"required\">\n\t\t\t\t\t\t\t\t\t<option value=\"Zaman\">Zaman<\/option>\n\t\t\t\t\t\t\t\t\t<option value=\"11:00\">11:00<\/option>\n\t\t\t\t\t\t\t\t\t<option value=\"11:30\">11:30<\/option>\n\t\t\t\t\t\t\t\t\t<option value=\"12:00\">12:00<\/option>\n\t\t\t\t\t\t\t\t\t<option value=\"12:30\">12:30<\/option>\n\t\t\t\t\t\t\t\t\t<option value=\"13:00\">13:00<\/option>\n\t\t\t\t\t\t\t\t\t<option value=\"13:30\">13:30<\/option>\n\t\t\t\t\t\t\t\t\t<option value=\"14:00\">14:00<\/option>\n\t\t\t\t\t\t\t\t\t<option value=\"14:30\">14:30<\/option>\n\t\t\t\t\t\t\t\t\t<option value=\"15:00\">15:00<\/option>\n\t\t\t\t\t\t\t\t\t<option value=\"15:30\">15:30<\/option>\n\t\t\t\t\t\t\t\t\t<option value=\"16:00\">16:00<\/option>\n\t\t\t\t\t\t\t\t\t<option value=\"16:30\">16:30<\/option>\n\t\t\t\t\t\t\t\t\t<option value=\"17:00\">17:00<\/option>\n\t\t\t\t\t\t\t\t\t<option value=\"17:30\">17:30<\/option>\n\t\t\t\t\t\t\t\t\t<option value=\"18:00\">18:00<\/option>\n\t\t\t\t\t\t\t\t\t<option value=\"18:30\">18:30<\/option>\n\t\t\t\t\t\t\t\t\t<option value=\"19:00\">19:00<\/option>\n\t\t\t\t\t\t\t\t\t<option value=\"19:30\">19:30<\/option>\n\t\t\t\t\t\t\t\t\t<option value=\"20:00\">20:00<\/option>\n\t\t\t\t\t\t\t\t\t<option value=\"20:30\">20:30<\/option>\n\t\t\t\t\t\t\t\t\t<option value=\"21:00\">21:00<\/option>\n\t\t\t\t\t\t\t\t\t<option value=\"21:30\">21:30<\/option>\n\t\t\t\t\t\t\t\t\t<option value=\"22:00\">22:00<\/option>\n\t\t\t\t\t\t\t\t\t<option value=\"22:30\">22:30<\/option>\n\t\t\t\t\t\t\t\t\t<option value=\"23:00\">23:00<\/option>\n\t\t\t\t\t\t\t<\/select>\n\t\t<\/div>\n\t\t\t\t\t\t<\/div>\n\t\t\t\t\t\t\t\t<div class=\"elementor-field-group elementor-column elementor-field-type-submit elementor-col-100 e-form__buttons\">\n\t\t\t\t\t<button class=\"elementor-button elementor-size-sm\" type=\"submit\">\n\t\t\t\t\t\t<span class=\"elementor-button-content-wrapper\">\n\t\t\t\t\t\t\t\t\t\t\t\t\t\t\t\t\t\t\t\t\t\t<span class=\"elementor-button-text\">\u015eu adrese g\u00f6nder<\/span>\n\t\t\t\t\t\t\t\t\t\t\t\t\t<\/span>\n\t\t\t\t\t<\/button>\n\t\t\t\t<\/div>\n\t\t\t<\/div>\n\t\t<\/form>\n\t\t\t\t\t\t<\/div>\n\t\t\t\t<\/div>\n\t\t\t\t<\/div>\n\t\t<div class=\"elementor-element elementor-element-7b33bb8 e-con-full e-flex e-con e-child\" data-id=\"7b33bb8\" data-element_type=\"container\" data-e-type=\"container\">\n\t\t\t\t<div class=\"elementor-element elementor-element-1de4f0d elementor-widget-mobile__width-inherit elementor-widget elementor-widget-mediteraneo_core_single_image\" data-id=\"1de4f0d\" data-element_type=\"widget\" data-e-type=\"widget\" data-widget_type=\"mediteraneo_core_single_image.default\">\n\t\t\t\t<div class=\"elementor-widget-container\">\n\t\t\t\t\t<div class=\"qodef-shortcode qodef-m  qodef-single-image   qodef-layout--default   qodef-alignment--left\">\n\t\t\t<div class=\"qodef-m-image\">\n\t\t\t\t\t\t\t\t<img fetchpriority=\"high\" decoding=\"async\" width=\"2560\" height=\"1709\" src=\"https:\/\/balkonaki.com\/wp-content\/uploads\/2024\/01\/business-1-1-scaled.jpg\" class=\"attachment-full size-full\" alt=\"Business (1)\" srcset=\"https:\/\/balkonaki.com\/wp-content\/uploads\/2024\/01\/business-1-1-scaled.jpg 2560w, https:\/\/balkonaki.com\/wp-content\/uploads\/2024\/01\/business-1-1-300x200.jpg 300w, https:\/\/balkonaki.com\/wp-content\/uploads\/2024\/01\/business-1-1-1024x684.jpg 1024w, https:\/\/balkonaki.com\/wp-content\/uploads\/2024\/01\/business-1-1-768x513.jpg 768w, https:\/\/balkonaki.com\/wp-content\/uploads\/2024\/01\/business-1-1-1536x1025.jpg 1536w, https:\/\/balkonaki.com\/wp-content\/uploads\/2024\/01\/business-1-1-2048x1367.jpg 2048w, https:\/\/balkonaki.com\/wp-content\/uploads\/2024\/01\/business-1-1-600x401.jpg 600w\" sizes=\"(max-width: 2560px) 100vw, 2560px\" \/>\t\t\t\t\t\t\t<\/div>\n\t<\/div>\n\t\t\t\t<\/div>\n\t\t\t\t<\/div>\n\t\t\t\t<\/div>\n\t\t\t\t<\/div>\n\t\t\t\t<\/div>\n\t\t\t\t<\/div>\n\t\t","protected":false},"excerpt":{"rendered":"<p>Bize ula\u015f\u0131n Konum info@balkonaki.com +30 231 026 3730 Zafer Caddesi 57 Selanik 54622 \u00c7al\u0131\u015fma saatleri Pazartesi &#8211; Pazar: 11.00 &#8211; 00.00 Rezervasyon masa<\/p>\n","protected":false},"author":1,"featured_media":0,"parent":0,"menu_order":0,"comment_status":"closed","ping_status":"closed","template":"page-full-width.php","meta":{"_acf_changed":false,"footnotes":""},"class_list":["post-11243","page","type-page","status-publish","hentry"],"acf":[],"_links":{"self":[{"href":"https:\/\/balkonaki.com\/tr\/wp-json\/wp\/v2\/pages\/11243","targetHints":{"allow":["GET"]}}],"collection":[{"href":"https:\/\/balkonaki.com\/tr\/wp-json\/wp\/v2\/pages"}],"about":[{"href":"https:\/\/balkonaki.com\/tr\/wp-json\/wp\/v2\/types\/page"}],"author":[{"embeddable":true,"href":"https:\/\/balkonaki.com\/tr\/wp-json\/wp\/v2\/users\/1"}],"replies":[{"embeddable":true,"href":"https:\/\/balkonaki.com\/tr\/wp-json\/wp\/v2\/comments?post=11243"}],"version-history":[{"count":2,"href":"https:\/\/balkonaki.com\/tr\/wp-json\/wp\/v2\/pages\/11243\/revisions"}],"predecessor-version":[{"id":13823,"href":"https:\/\/balkonaki.com\/tr\/wp-json\/wp\/v2\/pages\/11243\/revisions\/13823"}],"wp:attachment":[{"href":"https:\/\/balkonaki.com\/tr\/wp-json\/wp\/v2\/media?parent=11243"}],"curies":[{"name":"wp","href":"https:\/\/api.w.org\/{rel}","templated":true}]}}